{"id":180,"date":"2020-07-21T17:25:42","date_gmt":"2020-07-21T14:25:42","guid":{"rendered":"http:\/\/www.solpro-tr.com\/tr\/?page_id=180"},"modified":"2020-11-25T11:09:27","modified_gmt":"2020-11-25T08:09:27","slug":"kisisel-verileri-koruma-kanunu-hakkinda","status":"publish","type":"page","link":"http:\/\/www.solpro-tr.com\/en\/kisisel-verileri-koruma-kanunu-hakkinda\/","title":{"rendered":"About the Personal Data Protection Law"},"content":{"rendered":"\n<p>K\u0130\u015e\u0130SEL VER\u0130LER HAKKINDA AYDINLATMA METN\u0130<\/p>\n\n\n\n<p>Biz, <strong>SolPro Dan\u0131\u015fmanl\u0131k Kimya Sanayi ve Ticaret Ltd. \u015eti.<\/strong> olarak; m\u00fc\u015fterilerimiz, tedarik\u00e7ilerimiz  ve \u00e7al\u0131\u015fanlar\u0131m\u0131z dahil \u015eirketimiz ile ili\u015fkili \u015fah\u0131slar\u0131n uhdemizde bulunan ki\u015fisel verilerinin T\u00fcrkiye Cumhuriyeti Anayasas\u0131 ve insan haklar\u0131na ili\u015fkin \u00fclkemizin taraf\u0131 oldu\u011fu uluslararas\u0131 s\u00f6zle\u015fmeler ile 6698 say\u0131l\u0131 Ki\u015fisel Verilerin Korunmas\u0131 Kanunu (\u201cKVKK\u201d) ba\u015fta olmak \u00fczere ilgili mevzuat \u00e7er\u00e7evesinde; g\u00fcvence alt\u0131na al\u0131nmas\u0131 ve i\u015flenmesi konusuna hassasiyetle yakla\u015fmaktay\u0131z.<br> Bu \u00e7er\u00e7evede, KVKK kapsam\u0131nda Veri Sorumlusu s\u0131fat\u0131yla sizleri ayd\u0131nlatmak istiyoruz. \u015eirketimiz ile payla\u015ft\u0131\u011f\u0131n\u0131z ki\u015fisel verileriniz KVKK\u2019 ya uygun \u015fekilde, faaliyet ve hizmet ama\u00e7lar\u0131m\u0131z ile ba\u011flant\u0131l\u0131 ve \u00f6l\u00e7\u00fcl\u00fc olarak i\u015flenebilecek, yurt i\u00e7i ve yurt d\u0131\u015f\u0131ndaki \u00fc\u00e7\u00fcnc\u00fc ki\u015filere aktar\u0131labilecek, saklanacak, profilleme i\u00e7in kullan\u0131labilecek ve s\u0131n\u0131fland\u0131r\u0131labilecektir.<\/p>\n\n\n\n<p>Taraf\u0131n\u0131zca payla\u015f\u0131lan ki\u015fisel verileriniz; Kanunun 5. Ve 6. Maddelerinde belirtilen ki\u015fisel veri i\u015fleme \u015fartlar\u0131 ve ama\u00e7lar\u0131 \u00e7er\u00e7evesinde, \u00fcr\u00fcn ve hizmet ili\u015fkisinin kurulmas\u0131, devaml\u0131l\u0131\u011f\u0131n\u0131n sa\u011flanmas\u0131 ve hizmetlerin ifa edilebilmesi, \u015eirketimizin ticari ve i\u015f stratejilerinin belirlenmesi ve uygulanmas\u0131, pazarlama faaliyetlerinin yap\u0131lmas\u0131, i\u015f geli\u015ftirme ve planlama faaliyetlerinin y\u00fcr\u00fct\u00fclmesi, ileti\u015fime y\u00f6nelik idari operasyonlar\u0131n y\u00fcr\u00fct\u00fclmesi, i\u015f orta\u011f\u0131\/m\u00fc\u015fteri \/tedarik\u00e7i (yetkili ve \u00e7al\u0131\u015fanlar\u0131) ili\u015fkilerinin kurulmas\u0131, \u00fcr\u00fcn ve hizmetlere s\u00f6zle\u015fme gereklerinin ve finansal mutabakatlar\u0131n sa\u011flanmas\u0131, \u00e7a\u011fr\u0131 merkezinin aranmas\u0131 ve internet sayfas\u0131n\u0131n kullan\u0131lmas\u0131 ve\/veya \u015eirketimizin d\u00fczenledi\u011fi seminer ve organizasyonlara kat\u0131l\u0131m sa\u011flanmas\u0131, \u015eirketin insan kaynaklar\u0131 politikalar\u0131n\u0131n y\u00f6netilmesi, \u015eirket\u2019in ve \u015eirket\u2019le i\u015f ili\u015fkisinde olan ilgili ki\u015filerin hukuki, teknik ve ticari-i\u015f g\u00fcvenli\u011finin temini ama\u00e7lar\u0131yla i\u015flenmektedir. <\/p>\n\n\n\n<p>\u015eirketimizle payla\u015ft\u0131\u011f\u0131n\u0131z ki\u015fisel verileriniz, otomatik ya da otomatik olmayan y\u00f6ntemlerle, ofisler, \u015fubeler, \u00e7a\u011fr\u0131 merkezi, internet sitesi, sosyal medya mecralar\u0131, mobil uygulamalar ve benzeri vas\u0131talarla s\u00f6zl\u00fc, yaz\u0131l\u0131 ya da elektronik olarak toplanabilir. Ki\u015fisel verileriniz elektronik ve\/veya fiziksel ortamlarda saklanacakt\u0131r. \u015eirketimiz taraf\u0131ndan temin edilen ve saklanan ki\u015fisel verilerinizin sakland\u0131klar\u0131 ortamlarda yetkisiz eri\u015fime maruz kalmamalar\u0131, manip\u00fclasyona u\u011framamalar\u0131, kaybolmamalar\u0131 ve zarar g\u00f6rmemeleri amac\u0131yla gereken i\u015f s\u00fcre\u00e7lerinin tasar\u0131m\u0131 ile teknik g\u00fcvenlik altyap\u0131 geli\u015ftirmeleri uygulanmaktad\u0131r.<\/p>\n\n\n\n<p>Toplanan ki\u015fisel verileriniz; \u015eirketimiz taraf\u0131ndan sunulan \u00fcr\u00fcn ve hizmetlerden sizleri faydaland\u0131rmak i\u00e7in gerekli \u00e7al\u0131\u015fmalar\u0131n i\u015f birimlerimiz taraf\u0131ndan yap\u0131lmas\u0131, \u015eirketimizle i\u015f ili\u015fkisi i\u00e7erisinde olan ki\u015filerin hukuki ve ticari g\u00fcvenli\u011finin temini, \u015eirketimizin ticari ve i\u015f stratejilerinin belirlenmesi ve uygulanmas\u0131 ile \u015eirketimizin insan kaynaklar\u0131 politikalar\u0131n\u0131n y\u00fcr\u00fct\u00fclmesinin temini ama\u00e7lar\u0131yla i\u015f ortaklar\u0131m\u0131za, tedarik\u00e7ilerimize,  \u015eirket yetkililerine, hissedarlar\u0131m\u0131za, kanunen yetkili kamu kurumlar\u0131 ve \u00f6zel ki\u015filere, KVK Kanunu\u2019nun 8. ve 9. maddelerinde belirtilen ki\u015fisel veri i\u015fleme \u015fartlar\u0131 ve ama\u00e7lar\u0131 \u00e7er\u00e7evesinde gerekti\u011fi \u00f6l\u00e7\u00fcde aktar\u0131labilecektir.<\/p>\n\n\n\n<p>Kanunun \u0130lgili Ki\u015finin haklar\u0131n\u0131 d\u00fczenleyen 11. Maddesi kapsam\u0131nda taleplerinizi  \u201cVeri Sorumlusuna Ba\u015fvuru Usul ve Esaslar\u0131 Hakk\u0131nda Tebli\u011fe\u201d g\u00f6re \u015eirketimizin \u201c\u015eeyhli Ramazano\u011flu Mah. Kaynarca Cad. No:48 34906 Pendik\/\u0130stanbul &#8211; T\u00fcrkiye\u201d Adresine yaz\u0131l\u0131 olarak veya \u00fcyeli\u011finizin teyit edildi\u011fi elektronik posta \u00fczerinden info@solpro-tr.com e-posta adresine bildirebilirsiniz. <\/p>\n\n\n\n<p>Ki\u015fisel veri sahibi olarak sahip oldu\u011funuz ve yukar\u0131da belirtilen haklar\u0131n\u0131z\u0131 kullanmak i\u00e7in yapaca\u011f\u0131n\u0131z ve kullanmay\u0131 talep etti\u011finiz hakka ili\u015fkin a\u00e7\u0131klamalar\u0131n\u0131z\u0131 i\u00e7eren ba\u015fvuruda; talep etti\u011finiz hususun a\u00e7\u0131k ve anla\u015f\u0131l\u0131r olmas\u0131, talep etti\u011finiz konunun \u015fahs\u0131n\u0131z ile ilgili olmas\u0131 veya ba\u015fkas\u0131 ad\u0131na hareket ediyor iseniz bu konuda \u00f6zel olarak yetkili olman\u0131z ve yetkinizi belgelendirilmesi, ba\u015fvurunun kimlik ve adres bilgilerini i\u00e7ermesi ve ba\u015fvuruya kimli\u011finizi tevsik edici belgelerin eklenmesi gerekmektedir.<\/p>\n\n\n\n<p style=\"text-align:center\"><em><strong>SolPro Dan\u0131\u015fmanl\u0131k Kimya Sanayi ve Ticaret Ltd. \u015eti.<\/strong><\/em><\/p>\n\n\n\n<div class=\"wp-block-image\"><figure class=\"aligncenter\"><img loading=\"lazy\" decoding=\"async\" width=\"170\" height=\"65\" src=\"http:\/\/www.solpro-tr.com\/wp-content\/uploads\/2018\/05\/solpro_logo.png\" alt=\"\" class=\"wp-image-9\"\/><\/figure><\/div>\n\n\n\n<h2 class=\"wp-block-heading\"><a href=\"http:\/\/www.solpro-tr.com\/pdf\/kvkk.pdf\">Click for the Personal Data Protection, Processing, Storage and Destruction Policy.<\/a><\/h2>\n","protected":false},"excerpt":{"rendered":"<p>K\u0130\u015e\u0130SEL VER\u0130LER HAKKINDA AYDINLATMA METN\u0130 Biz, SolPro Dan\u0131\u015fmanl\u0131k Kimya Sanayi ve Ticaret Ltd. \u015eti. olarak; m\u00fc\u015fterilerimiz, tedarik\u00e7ilerimiz ve \u00e7al\u0131\u015fanlar\u0131m\u0131z dahil \u015eirketimiz ile ili\u015fkili \u015fah\u0131slar\u0131n uhdemizde bulunan ki\u015fisel verilerinin T\u00fcrkiye Cumhuriyeti Anayasas\u0131 ve insan haklar\u0131na ili\u015fkin \u00fclkemizin taraf\u0131 oldu\u011fu uluslararas\u0131 s\u00f6zle\u015fmeler ile 6698 say\u0131l\u0131 Ki\u015fisel Verilerin Korunmas\u0131 Kanunu (\u201cKVKK\u201d) ba\u015fta olmak \u00fczere ilgili mevzuat \u00e7er\u00e7evesinde; g\u00fcvence [&hellip;]<\/p>\n","protected":false},"author":1,"featured_media":0,"parent":0,"menu_order":0,"comment_status":"closed","ping_status":"closed","template":"","meta":{"footnotes":""},"class_list":["post-180","page","type-page","status-publish","hentry"],"_links":{"self":[{"href":"http:\/\/www.solpro-tr.com\/en\/wp-json\/wp\/v2\/pages\/180"}],"collection":[{"href":"http:\/\/www.solpro-tr.com\/en\/wp-json\/wp\/v2\/pages"}],"about":[{"href":"http:\/\/www.solpro-tr.com\/en\/wp-json\/wp\/v2\/types\/page"}],"author":[{"embeddable":true,"href":"http:\/\/www.solpro-tr.com\/en\/wp-json\/wp\/v2\/users\/1"}],"replies":[{"embeddable":true,"href":"http:\/\/www.solpro-tr.com\/en\/wp-json\/wp\/v2\/comments?post=180"}],"version-history":[{"count":0,"href":"http:\/\/www.solpro-tr.com\/en\/wp-json\/wp\/v2\/pages\/180\/revisions"}],"wp:attachment":[{"href":"http:\/\/www.solpro-tr.com\/en\/wp-json\/wp\/v2\/media?parent=180"}],"curies":[{"name":"wp","href":"https:\/\/api.w.org\/{rel}","templated":true}]}}