{"id":15,"date":"2018-05-30T18:46:25","date_gmt":"2018-05-30T15:46:25","guid":{"rendered":"http:\/\/www.solpro-tr.com\/?page_id=15"},"modified":"2018-12-01T02:35:17","modified_gmt":"2018-11-30T23:35:17","slug":"kurumsal","status":"publish","type":"page","link":"https:\/\/www.solpro-tr.com\/tr\/kurumsal\/","title":{"rendered":"Kurumsal"},"content":{"rendered":"<p>\u0130stanbul merkezli SolPro Dan\u0131\u015fmanl\u0131k Kimya San. ve Tic. Ltd. \u015eti. T\u00fcrkiye ve \u00e7evre \u00fclkelerde silikon hammaddeler, y\u00fcksek performans elastomerleri ve tamamlay\u0131c\u0131 \u00fcr\u00fcnler konusunda \u00f6nde gelen firmalar aras\u0131nda yer almaktad\u0131r.<\/p>\n<p>SolPro Ltd. ev e\u015fyalar\u0131, otomotiv, elektronik ve elektrik, kal\u0131p \u00fcretimi, in\u015faat, kablo vb. bir \u00e7ok end\u00fcstriyel hizmet verirken, m\u00fc\u015fterilerine inovatif \u00e7\u00f6z\u00fcmler ve katma de\u011feri y\u00fcksek \u00fcr\u00fcnler sunmaktad\u0131r.<\/p>\n<p>Bir distrib\u00fct\u00f6r ve kompounder olarak SolPro Ltd. m\u00fc\u015fterileri i\u00e7in sadece \u00fcst seviyede bir \u00fcr\u00fcn tedarik\u00e7isi olarak kalmamakta, katma de\u011fer zincirinin iyile\u015ftirilmesine hizmet etmekte ve lojistikten, \u00fcr\u00fcn geli\u015ftirmeye, proses y\u00f6netimine kadar her ad\u0131mda \u00e7\u00f6z\u00fcmler sunmaktad\u0131r.<\/p>\n<p>SolPro \u00c7\u00f6z\u00fcm Orta\u011f\u0131n\u0131z<br \/>\n<a href=\"http:\/\/www.solpro-tr.com\/wp-content\/uploads\/2018\/05\/solpro_logo.png\"><img loading=\"lazy\" decoding=\"async\" class=\"alignnone size-full wp-image-9\" src=\"http:\/\/www.solpro-tr.com\/wp-content\/uploads\/2018\/05\/solpro_logo.png\" alt=\"\" width=\"170\" height=\"65\" \/><\/a><\/p>\n","protected":false},"excerpt":{"rendered":"<p>\u0130stanbul merkezli SolPro Dan\u0131\u015fmanl\u0131k Kimya San. ve Tic. Ltd. \u015eti. T\u00fcrkiye ve \u00e7evre \u00fclkelerde silikon hammaddeler, y\u00fcksek performans elastomerleri ve tamamlay\u0131c\u0131 \u00fcr\u00fcnler konusunda \u00f6nde gelen firmalar aras\u0131nda yer almaktad\u0131r. SolPro Ltd. ev e\u015fyalar\u0131, otomotiv, elektronik ve elektrik, kal\u0131p \u00fcretimi, in\u015faat, kablo vb. bir \u00e7ok end\u00fcstriyel hizmet verirken, m\u00fc\u015fterilerine inovatif \u00e7\u00f6z\u00fcmler ve katma de\u011feri y\u00fcksek \u00fcr\u00fcnler [&hellip;]<\/p>\n","protected":false},"author":1,"featured_media":0,"parent":0,"menu_order":0,"comment_status":"closed","ping_status":"closed","template":"","meta":{"footnotes":""},"class_list":["post-15","page","type-page","status-publish","hentry"],"_links":{"self":[{"href":"https:\/\/www.solpro-tr.com\/tr\/wp-json\/wp\/v2\/pages\/15"}],"collection":[{"href":"https:\/\/www.solpro-tr.com\/tr\/wp-json\/wp\/v2\/pages"}],"about":[{"href":"https:\/\/www.solpro-tr.com\/tr\/wp-json\/wp\/v2\/types\/page"}],"author":[{"embeddable":true,"href":"https:\/\/www.solpro-tr.com\/tr\/wp-json\/wp\/v2\/users\/1"}],"replies":[{"embeddable":true,"href":"https:\/\/www.solpro-tr.com\/tr\/wp-json\/wp\/v2\/comments?post=15"}],"version-history":[{"count":0,"href":"https:\/\/www.solpro-tr.com\/tr\/wp-json\/wp\/v2\/pages\/15\/revisions"}],"wp:attachment":[{"href":"https:\/\/www.solpro-tr.com\/tr\/wp-json\/wp\/v2\/media?parent=15"}],"curies":[{"name":"wp","href":"https:\/\/api.w.org\/{rel}","templated":true}]}}