{"id":263,"date":"2026-04-22T10:47:57","date_gmt":"2026-04-22T07:47:57","guid":{"rendered":"https:\/\/www.solpro-tr.com\/tr\/?page_id=263"},"modified":"2026-04-22T11:32:43","modified_gmt":"2026-04-22T08:32:43","slug":"indirilebilir-iceriklerimiz","status":"publish","type":"page","link":"https:\/\/www.solpro-tr.com\/tr\/indirilebilir-iceriklerimiz\/","title":{"rendered":"\u0130ndirilebilir \u0130\u00e7eriklerimiz"},"content":{"rendered":"\n<p><a href=\"http:\/\/www.solpro-tr.com\/wp-content\/uploads\/2026\/04\/SolPro-Leader-for-Success-2026-MS2-6.pdf\">\u015eirket Sunumu<\/a><\/p>\n","protected":false},"excerpt":{"rendered":"<p>\u015eirket Sunumu<\/p>\n","protected":false},"author":1,"featured_media":0,"parent":0,"menu_order":0,"comment_status":"closed","ping_status":"closed","template":"","meta":{"footnotes":""},"class_list":["post-263","page","type-page","status-publish","hentry"],"_links":{"self":[{"href":"https:\/\/www.solpro-tr.com\/tr\/wp-json\/wp\/v2\/pages\/263"}],"collection":[{"href":"https:\/\/www.solpro-tr.com\/tr\/wp-json\/wp\/v2\/pages"}],"about":[{"href":"https:\/\/www.solpro-tr.com\/tr\/wp-json\/wp\/v2\/types\/page"}],"author":[{"embeddable":true,"href":"https:\/\/www.solpro-tr.com\/tr\/wp-json\/wp\/v2\/users\/1"}],"replies":[{"embeddable":true,"href":"https:\/\/www.solpro-tr.com\/tr\/wp-json\/wp\/v2\/comments?post=263"}],"version-history":[{"count":8,"href":"https:\/\/www.solpro-tr.com\/tr\/wp-json\/wp\/v2\/pages\/263\/revisions"}],"predecessor-version":[{"id":284,"href":"https:\/\/www.solpro-tr.com\/tr\/wp-json\/wp\/v2\/pages\/263\/revisions\/284"}],"wp:attachment":[{"href":"https:\/\/www.solpro-tr.com\/tr\/wp-json\/wp\/v2\/media?parent=263"}],"curies":[{"name":"wp","href":"https:\/\/api.w.org\/{rel}","templated":true}]}}